{"id":67,"date":"2017-10-13T16:42:57","date_gmt":"2017-10-13T14:42:57","guid":{"rendered":"http:\/\/iodice-psychologueparis.fr\/?page_id=67"},"modified":"2019-06-29T01:40:21","modified_gmt":"2019-06-28T23:40:21","slug":"psychotherapie-psychanalyse-paris","status":"publish","type":"page","link":"https:\/\/iodice-psychologueparis.fr\/?page_id=67","title":{"rendered":"Psychoth\u00e9rapie"},"content":{"rendered":"<h4><a href=\"https:\/\/monpsy.psychologies.com\/Psys?recherche=IODICE&#038;id=cabinet_1\">Psychoth\u00e9rapie<\/a><\/h4>\n<p><img loading=\"lazy\" decoding=\"async\" class=\"size-medium wp-image-471\" src=\"https:\/\/iodice-psychologueparis.fr\/wp-content\/uploads\/2019\/04\/IMG_20190417_131025-300x225.jpg\" alt=\"\" width=\"300\" height=\"225\" srcset=\"https:\/\/iodice-psychologueparis.fr\/wp-content\/uploads\/2019\/04\/IMG_20190417_131025-300x225.jpg 300w, https:\/\/iodice-psychologueparis.fr\/wp-content\/uploads\/2019\/04\/IMG_20190417_131025-768x576.jpg 768w, https:\/\/iodice-psychologueparis.fr\/wp-content\/uploads\/2019\/04\/IMG_20190417_131025-1024x768.jpg 1024w\" sizes=\"auto, (max-width: 300px) 100vw, 300px\" \/><\/p>\n<p>Il y a des exp\u00e9riences dans la vie de chaque individu qui peuvent faire une diff\u00e9rence entre l\u2019avant et l\u2019apr\u00e8s. Une psychoth\u00e9rapie r\u00e9ussie est une de ces exp\u00e9riences, car elle permet de d\u00e9velopper une plus grande maturit\u00e9 intellectuelle, affective et \u00e9motionnelle. \u00a0La finalit\u00e9 ultime de tout travail psychoth\u00e9rapeutique est de mettre fin \u00e0 une souffrance personnelle et de reconqu\u00e9rir une vie plus sereine et \u00e9panouie. Chaque individu, toutefois, y parvient d\u2019une mani\u00e8re unique, qui n\u2019appartient qu\u2019\u00e0 lui seul.<\/p>\n<p>Une psychoth\u00e9rapie est un travail \u00e0 deux. Le r\u00f4le du psychologue est celui de soutenir le th\u00e9rapisant dans la recherche des cl\u00e9s de compr\u00e9hension de son histoire et de sa probl\u00e9matique actuelle. Ce parcours permet de prendre conscience de ses propres ressources intellectuelles et affectives et d\u2019apprendre \u00e0 les utiliser.<\/p>\n<p>Quand le besoin de consulter un psychologue se fait sentir, on peut \u00eatre amen\u00e9 \u00e0 se poser plusieurs questions\u00a0:\u00a0\u00ab\u00a0Dois-je consulter quelqu\u2019un\u00a0?\u00a0\u00bb, \u00ab\u00a0Quelle approche th\u00e9rapeutique choisir\u00a0?\u00a0\u00bb, \u00ab\u00a0Comment se d\u00e9roule une s\u00e9ance\u00a0?\u00a0\u00bb\u2026<\/p>\n<p>Lors du premier contact, nous allons convenir d&rsquo;un rendez-vous pour une premi\u00e8re s\u00e9ance. Il sera alors possible de d\u00e9velopper ces questions, d&rsquo;identifier un premier objectif, de d\u00e9finir la fr\u00e9quence des s\u00e9ances et leur co\u00fbt.<\/p>\n<p><a href=\"https:\/\/www.google.com\/search?q=laisser+un+avis+salvatore+iodice+paris&#038;oq=laisser+un+avis+salvatore+iodice+paris&#038;aqs=chrome..69i57.14522j0j7&#038;sourceid=chrome&#038;ie=UTF-8#lrd=0x47e66de9985d9dbd:0xadc96c20fabe4159,3,,,\"><em>Laissez un commentaire<\/em><\/a><\/p>\n","protected":false},"excerpt":{"rendered":"<p>Psychoth\u00e9rapie Il y a des exp\u00e9riences dans la vie de chaque individu qui peuvent faire une diff\u00e9rence entre l\u2019avant et l\u2019apr\u00e8s. Une psychoth\u00e9rapie r\u00e9ussie est une de ces exp\u00e9riences, car elle permet de d\u00e9velopper une plus grande maturit\u00e9 intellectuelle, affective et \u00e9motionnelle. \u00a0La finalit\u00e9 ultime de tout travail psychoth\u00e9rapeutique est de mettre fin \u00e0 une <a class=\"read-more\" href=\"https:\/\/iodice-psychologueparis.fr\/?page_id=67\">Read More<\/a><\/p>\n","protected":false},"author":1,"featured_media":0,"parent":0,"menu_order":1,"comment_status":"closed","ping_status":"closed","template":"","meta":{"footnotes":""},"yst_prominent_words":[47,46,50,44,45,49,6,39,14,48,42,43],"class_list":["post-67","page","type-page","status-publish","hentry"],"_links":{"self":[{"href":"https:\/\/iodice-psychologueparis.fr\/index.php?rest_route=\/wp\/v2\/pages\/67","targetHints":{"allow":["GET"]}}],"collection":[{"href":"https:\/\/iodice-psychologueparis.fr\/index.php?rest_route=\/wp\/v2\/pages"}],"about":[{"href":"https:\/\/iodice-psychologueparis.fr\/index.php?rest_route=\/wp\/v2\/types\/page"}],"author":[{"embeddable":true,"href":"https:\/\/iodice-psychologueparis.fr\/index.php?rest_route=\/wp\/v2\/users\/1"}],"replies":[{"embeddable":true,"href":"https:\/\/iodice-psychologueparis.fr\/index.php?rest_route=%2Fwp%2Fv2%2Fcomments&post=67"}],"version-history":[{"count":9,"href":"https:\/\/iodice-psychologueparis.fr\/index.php?rest_route=\/wp\/v2\/pages\/67\/revisions"}],"predecessor-version":[{"id":483,"href":"https:\/\/iodice-psychologueparis.fr\/index.php?rest_route=\/wp\/v2\/pages\/67\/revisions\/483"}],"wp:attachment":[{"href":"https:\/\/iodice-psychologueparis.fr\/index.php?rest_route=%2Fwp%2Fv2%2Fmedia&parent=67"}],"wp:term":[{"taxonomy":"yst_prominent_words","embeddable":true,"href":"https:\/\/iodice-psychologueparis.fr\/index.php?rest_route=%2Fwp%2Fv2%2Fyst_prominent_words&post=67"}],"curies":[{"name":"wp","href":"https:\/\/api.w.org\/{rel}","templated":true}]}}