{"id":529,"date":"2020-06-11T09:51:07","date_gmt":"2020-06-11T07:51:07","guid":{"rendered":"http:\/\/iodice-psychologueparis.fr\/?page_id=529"},"modified":"2023-10-23T10:15:44","modified_gmt":"2023-10-23T08:15:44","slug":"francais","status":"publish","type":"page","link":"https:\/\/iodice-psychologueparis.fr\/","title":{"rendered":"Accueil"},"content":{"rendered":"\n<div class=\"wp-block-group alignwide\"><div class=\"wp-block-group__inner-container is-layout-flow wp-block-group-is-layout-flow\">\n<p>Si vous consultez ce site c\u2019est peut-\u00eatre parce que vous-m\u00eame, une personne de votre entourage ou l\u2019\u00e9quipe dont vous \u00eates responsable ont besoin d\u2019\u00eatre accompagn\u00e9s par un psychologue.&nbsp;<\/p>\n\n\n\n<p>Je suis psychologue clinicien, dipl\u00f4m\u00e9 de l\u2019Universit\u00e9 de Paris 7 \u2013 Denis Diderot. J\u2019accompagne les adultes et les adolescents en <a rel=\"noreferrer noopener\" href=\"https:\/\/iodice-psychologueparis.fr\/index.php\/psychotherapie-psychanalyse-paris\/\" target=\"_blank\">psychoth\u00e9rapie individuelle <\/a>ou en <a href=\"https:\/\/iodice-psychologueparis.fr\/index.php\/groupe-de-parole\/\">groupe de parole.\u00a0<\/a><\/p>\n\n\n\n<p>Pour les professionnels du secteur social et m\u00e9dical, j&rsquo;anime des s\u00e9ances <a rel=\"noreferrer noopener\" href=\"https:\/\/iodice-psychologueparis.fr\/index.php\/analyse-des-pratiques\/\" target=\"_blank\">d&rsquo;analyse des pratiques <\/a>professionnelles.<\/p>\n\n\n\n<p>Je re\u00e7ois les pycho-practiciens et les professionnels de la relation d&rsquo;aide en s\u00e9ance individuelle de <a href=\"https:\/\/iodice-psychologueparis.fr\/index.php\/supervision\/\" data-type=\"link\" data-id=\"https:\/\/iodice-psychologueparis.fr\/index.php\/supervision\/\">supervision<\/a><a href=\"https:\/\/iodice-psychologueparis.fr\/index.php\/supervision\/\">.<\/a><\/p>\n\n\n\n<p>Pour toute question, vous pouvez m\u2019appeler, envoyer un mail ou contacter via le formulaire ci-dessous :<\/p>\n\n\n\n\n<div class=\"wpcf7 no-js\" id=\"wpcf7-f605-o1\" lang=\"fr-FR\" dir=\"ltr\">\n<div class=\"screen-reader-response\"><p role=\"status\" aria-live=\"polite\" aria-atomic=\"true\"><\/p> <ul><\/ul><\/div>\n<form action=\"\/index.php?rest_route=%2Fwp%2Fv2%2Fpages%2F529#wpcf7-f605-o1\" method=\"post\" class=\"wpcf7-form init\" aria-label=\"Formulaire de contact\" novalidate=\"novalidate\" data-status=\"init\">\n<div style=\"display: none;\">\n<input type=\"hidden\" name=\"_wpcf7\" value=\"605\" \/>\n<input type=\"hidden\" name=\"_wpcf7_version\" value=\"5.8.1\" \/>\n<input type=\"hidden\" name=\"_wpcf7_locale\" value=\"fr_FR\" \/>\n<input type=\"hidden\" name=\"_wpcf7_unit_tag\" value=\"wpcf7-f605-o1\" \/>\n<input type=\"hidden\" name=\"_wpcf7_container_post\" value=\"0\" \/>\n<input type=\"hidden\" name=\"_wpcf7_posted_data_hash\" value=\"\" \/>\n<input type=\"hidden\" name=\"lang\" value=\"fr\" \/>\n<\/div>\n<p><label> Votre nom (obligatoire)<br \/>\n<span class=\"wpcf7-form-control-wrap\" data-name=\"your-name\"><input size=\"40\" class=\"wpcf7-form-control wpcf7-text wpcf7-validates-as-required\" aria-required=\"true\" aria-invalid=\"false\" value=\"\" type=\"text\" name=\"your-name\" \/><\/span> <\/label>\n<\/p>\n<p><label> Votre adresse de messagerie (obligatoire)<br \/>\n<span class=\"wpcf7-form-control-wrap\" data-name=\"your-email\"><input size=\"40\" class=\"wpcf7-form-control wpcf7-email wpcf7-validates-as-required wpcf7-text wpcf7-validates-as-email\" aria-required=\"true\" aria-invalid=\"false\" value=\"\" type=\"email\" name=\"your-email\" \/><\/span> <\/label>\n<\/p>\n<p><label> Objet<br \/>\n<span class=\"wpcf7-form-control-wrap\" data-name=\"your-subject\"><input size=\"40\" class=\"wpcf7-form-control wpcf7-text\" aria-invalid=\"false\" value=\"\" type=\"text\" name=\"your-subject\" \/><\/span> <\/label>\n<\/p>\n<p><label> Votre message<br \/>\n<span class=\"wpcf7-form-control-wrap\" data-name=\"your-message\"><textarea cols=\"40\" rows=\"10\" class=\"wpcf7-form-control wpcf7-textarea\" aria-invalid=\"false\" name=\"your-message\"><\/textarea><\/span> <\/label>\n<\/p>\n<p><input class=\"wpcf7-form-control wpcf7-submit has-spinner\" type=\"submit\" value=\"Envoyer\" \/>\n<\/p><div class=\"wpcf7-response-output\" aria-hidden=\"true\"><\/div>\n<\/form>\n<\/div>\n\n<\/div><\/div>\n\n\n","protected":false},"excerpt":{"rendered":"<p>Si vous consultez ce site c\u2019est peut-\u00eatre parce que vous-m\u00eame, une personne de votre entourage ou l\u2019\u00e9quipe dont vous \u00eates responsable ont besoin d\u2019\u00eatre accompagn\u00e9s par un psychologue.&nbsp; Je suis psychologue clinicien, dipl\u00f4m\u00e9 de l\u2019Universit\u00e9 de Paris 7 \u2013 Denis Diderot. J\u2019accompagne les adultes et les adolescents en psychoth\u00e9rapie individuelle ou en groupe de parole.\u00a0 <a class=\"read-more\" href=\"https:\/\/iodice-psychologueparis.fr\/\">Read More<\/a><\/p>\n","protected":false},"author":1,"featured_media":0,"parent":0,"menu_order":0,"comment_status":"closed","ping_status":"closed","template":"","meta":{"footnotes":""},"yst_prominent_words":[102,103,6],"class_list":["post-529","page","type-page","status-publish","hentry"],"_links":{"self":[{"href":"https:\/\/iodice-psychologueparis.fr\/index.php?rest_route=\/wp\/v2\/pages\/529","targetHints":{"allow":["GET"]}}],"collection":[{"href":"https:\/\/iodice-psychologueparis.fr\/index.php?rest_route=\/wp\/v2\/pages"}],"about":[{"href":"https:\/\/iodice-psychologueparis.fr\/index.php?rest_route=\/wp\/v2\/types\/page"}],"author":[{"embeddable":true,"href":"https:\/\/iodice-psychologueparis.fr\/index.php?rest_route=\/wp\/v2\/users\/1"}],"replies":[{"embeddable":true,"href":"https:\/\/iodice-psychologueparis.fr\/index.php?rest_route=%2Fwp%2Fv2%2Fcomments&post=529"}],"version-history":[{"count":17,"href":"https:\/\/iodice-psychologueparis.fr\/index.php?rest_route=\/wp\/v2\/pages\/529\/revisions"}],"predecessor-version":[{"id":635,"href":"https:\/\/iodice-psychologueparis.fr\/index.php?rest_route=\/wp\/v2\/pages\/529\/revisions\/635"}],"wp:attachment":[{"href":"https:\/\/iodice-psychologueparis.fr\/index.php?rest_route=%2Fwp%2Fv2%2Fmedia&parent=529"}],"wp:term":[{"taxonomy":"yst_prominent_words","embeddable":true,"href":"https:\/\/iodice-psychologueparis.fr\/index.php?rest_route=%2Fwp%2Fv2%2Fyst_prominent_words&post=529"}],"curies":[{"name":"wp","href":"https:\/\/api.w.org\/{rel}","templated":true}]}}