{"id":189,"date":"2017-10-21T13:42:54","date_gmt":"2017-10-21T11:42:54","guid":{"rendered":"http:\/\/iodice-psychologueparis.fr\/?page_id=189"},"modified":"2017-11-08T12:49:06","modified_gmt":"2017-11-08T11:49:06","slug":"supervision","status":"publish","type":"page","link":"https:\/\/iodice-psychologueparis.fr\/?page_id=189","title":{"rendered":"Supervision"},"content":{"rendered":"<p>La supervision individuelle pour les professionnels de la relation d\u2019aide, les coachs et les psycho-praticiens est un temps d\u2019analyse des pratiques professionnelles. Elle permet de comprendre les forces en jeu dans une relation d\u2019accompagnement, d\u2019analyser le transfert et de le mettre au service des objectifs poursuivis. Elle a \u00e9galement une fonction de soutien pour le professionnel en difficult\u00e9. Les s\u00e9ances peuvent \u00eatre ponctuelles ou \u00e0\u00a0 \u00e9ch\u00e9ance r\u00e9guli\u00e8re.<\/p>\n","protected":false},"excerpt":{"rendered":"<p>La supervision individuelle pour les professionnels de la relation d\u2019aide, les coachs et les psycho-praticiens est un temps d\u2019analyse des pratiques professionnelles. Elle permet de comprendre les forces en jeu dans une relation d\u2019accompagnement, d\u2019analyser le transfert et de le mettre au service des objectifs poursuivis. Elle a \u00e9galement une fonction de soutien pour le <a class=\"read-more\" href=\"https:\/\/iodice-psychologueparis.fr\/?page_id=189\">Read More<\/a><\/p>\n","protected":false},"author":1,"featured_media":0,"parent":0,"menu_order":4,"comment_status":"closed","ping_status":"closed","template":"","meta":{"footnotes":""},"yst_prominent_words":[15],"class_list":["post-189","page","type-page","status-publish","hentry"],"_links":{"self":[{"href":"https:\/\/iodice-psychologueparis.fr\/index.php?rest_route=\/wp\/v2\/pages\/189","targetHints":{"allow":["GET"]}}],"collection":[{"href":"https:\/\/iodice-psychologueparis.fr\/index.php?rest_route=\/wp\/v2\/pages"}],"about":[{"href":"https:\/\/iodice-psychologueparis.fr\/index.php?rest_route=\/wp\/v2\/types\/page"}],"author":[{"embeddable":true,"href":"https:\/\/iodice-psychologueparis.fr\/index.php?rest_route=\/wp\/v2\/users\/1"}],"replies":[{"embeddable":true,"href":"https:\/\/iodice-psychologueparis.fr\/index.php?rest_route=%2Fwp%2Fv2%2Fcomments&post=189"}],"version-history":[{"count":4,"href":"https:\/\/iodice-psychologueparis.fr\/index.php?rest_route=\/wp\/v2\/pages\/189\/revisions"}],"predecessor-version":[{"id":236,"href":"https:\/\/iodice-psychologueparis.fr\/index.php?rest_route=\/wp\/v2\/pages\/189\/revisions\/236"}],"wp:attachment":[{"href":"https:\/\/iodice-psychologueparis.fr\/index.php?rest_route=%2Fwp%2Fv2%2Fmedia&parent=189"}],"wp:term":[{"taxonomy":"yst_prominent_words","embeddable":true,"href":"https:\/\/iodice-psychologueparis.fr\/index.php?rest_route=%2Fwp%2Fv2%2Fyst_prominent_words&post=189"}],"curies":[{"name":"wp","href":"https:\/\/api.w.org\/{rel}","templated":true}]}}