{"id":187,"date":"2017-10-21T13:42:31","date_gmt":"2017-10-21T11:42:31","guid":{"rendered":"http:\/\/iodice-psychologueparis.fr\/?page_id=187"},"modified":"2019-06-29T01:42:25","modified_gmt":"2019-06-28T23:42:25","slug":"analyse-des-pratiques","status":"publish","type":"page","link":"https:\/\/iodice-psychologueparis.fr\/?page_id=187","title":{"rendered":"Analyse des pratiques"},"content":{"rendered":"<p>Temps d\u2019\u00e9change et de r\u00e9flexion en groupe autour des pratiques professionnelles, l\u2019analyse des pratiques est un outil pr\u00e9cieux de soutien et d\u00e9veloppement dans toutes les professions qui requi\u00e8rent des\u00a0 comp\u00e9tences relationnelles. Elle permet de prendre conscience des repr\u00e9sentations qui circulent dans les diff\u00e9rents milieux professionnels, de prendre du recul sur les situations rencontr\u00e9es, de soutenir le professionnel en cas de difficult\u00e9, de donner corps \u00e0 l\u2019intelligence collective. Les domaines d&rsquo;application les plus courants sont le social, le m\u00e9dical, l&rsquo;enseignement et l&rsquo;\u00e9ducation.<\/p>\n<p>La participation \u00e0 ces groupes d\u2019\u00e9changes est encadr\u00e9e par quelques r\u00e8gles d\u00e9ontologiques\u00a0: confidentialit\u00e9, respect, bienveillance, absence de jugement. Leur mise en place est command\u00e9e par les dirigeants ou les responsables des \u00e9quipes. La participation \u00e0 ces s\u00e9ances reste libre, toutefois, un engagement est demand\u00e9 aux participants, afin de garantir la stabilit\u00e9 du groupe.<\/p>\n<p><a href=\"https:\/\/www.google.com\/search?q=laisser+un+avis+salvatore+iodice+paris&#038;oq=laisser+un+avis+salvatore+iodice+paris&#038;aqs=chrome..69i57.14522j0j7&#038;sourceid=chrome&#038;ie=UTF-8#lrd=0x47e66de9985d9dbd:0xadc96c20fabe4159,3,,,\"><em>Laissez un commentaire<\/em><\/a><\/p>\n","protected":false},"excerpt":{"rendered":"<p>Temps d\u2019\u00e9change et de r\u00e9flexion en groupe autour des pratiques professionnelles, l\u2019analyse des pratiques est un outil pr\u00e9cieux de soutien et d\u00e9veloppement dans toutes les professions qui requi\u00e8rent des\u00a0 comp\u00e9tences relationnelles. Elle permet de prendre conscience des repr\u00e9sentations qui circulent dans les diff\u00e9rents milieux professionnels, de prendre du recul sur les situations rencontr\u00e9es, de soutenir <a class=\"read-more\" href=\"https:\/\/iodice-psychologueparis.fr\/?page_id=187\">Read More<\/a><\/p>\n","protected":false},"author":1,"featured_media":0,"parent":0,"menu_order":3,"comment_status":"closed","ping_status":"closed","template":"","meta":{"footnotes":""},"yst_prominent_words":[8,19,16,17],"class_list":["post-187","page","type-page","status-publish","hentry"],"_links":{"self":[{"href":"https:\/\/iodice-psychologueparis.fr\/index.php?rest_route=\/wp\/v2\/pages\/187","targetHints":{"allow":["GET"]}}],"collection":[{"href":"https:\/\/iodice-psychologueparis.fr\/index.php?rest_route=\/wp\/v2\/pages"}],"about":[{"href":"https:\/\/iodice-psychologueparis.fr\/index.php?rest_route=\/wp\/v2\/types\/page"}],"author":[{"embeddable":true,"href":"https:\/\/iodice-psychologueparis.fr\/index.php?rest_route=\/wp\/v2\/users\/1"}],"replies":[{"embeddable":true,"href":"https:\/\/iodice-psychologueparis.fr\/index.php?rest_route=%2Fwp%2Fv2%2Fcomments&post=187"}],"version-history":[{"count":6,"href":"https:\/\/iodice-psychologueparis.fr\/index.php?rest_route=\/wp\/v2\/pages\/187\/revisions"}],"predecessor-version":[{"id":485,"href":"https:\/\/iodice-psychologueparis.fr\/index.php?rest_route=\/wp\/v2\/pages\/187\/revisions\/485"}],"wp:attachment":[{"href":"https:\/\/iodice-psychologueparis.fr\/index.php?rest_route=%2Fwp%2Fv2%2Fmedia&parent=187"}],"wp:term":[{"taxonomy":"yst_prominent_words","embeddable":true,"href":"https:\/\/iodice-psychologueparis.fr\/index.php?rest_route=%2Fwp%2Fv2%2Fyst_prominent_words&post=187"}],"curies":[{"name":"wp","href":"https:\/\/api.w.org\/{rel}","templated":true}]}}